{"id":859,"date":"2024-02-24T11:30:57","date_gmt":"2024-02-24T10:30:57","guid":{"rendered":"https:\/\/macchiafaggeta.com\/?page_id=859"},"modified":"2024-04-04T15:06:40","modified_gmt":"2024-04-04T13:06:40","slug":"homepage","status":"publish","type":"page","link":"https:\/\/macchiafaggeta.com\/","title":{"rendered":"Homepage"},"content":{"rendered":"<div class=\"wpb-content-wrapper\"><p>[vc_row][vc_column][vc_column_text el_class=&#8221;blocco-titolo-home&#8221;]<\/p>\n<h2 style=\"text-align: center;\">Ultime notizie dalla Societ\u00e0<\/h2>\n<p>[\/vc_column_text][\/vc_column][\/vc_row][vc_row][vc_column][vc_basic_grid post_type=&#8221;post&#8221; max_items=&#8221;3&#8243; item=&#8221;861&#8243; grid_id=&#8221;vc_gid:1712235978150-01f18182-83ba-7&#8243; taxonomies=&#8221;1&#8243; css=&#8221;.vc_custom_1708775263867{margin-bottom: 10px !important;}&#8221;][\/vc_column][\/vc_row][vc_row full_width=&#8221;stretch_row&#8221; equal_height=&#8221;yes&#8221; content_placement=&#8221;middle&#8221; css=&#8221;.vc_custom_1708784740843{padding-top: 40px !important;padding-bottom: 40px !important;background-color: #efefef !important;}&#8221;][vc_column width=&#8221;1\/2&#8243;][vc_column_text]<\/p>\n<h1>Societ\u00e0 Macchia Faggeta<br \/>\ndal 1800<\/h1>\n<p style=\"text-align: left;\">La Macchia faggeta \u00e8 una Societ\u00e0 autonoma, avente per oggetto il godimento e lo sfruttamento del tenimento boschivo di propriet\u00e0 sociale denominato \u201cMacchia Faggeta\u201d nonch\u00e9 il compimento di attivit\u00e0 connesse alla valorizzazione del patrimonio sociale nell\u2019interesse dei Soci. Fu costituita con pubblico strumento notarile 28 Febbraio 1800<\/p>\n<p>[\/vc_column_text]<style type=\"text\/css\" data-type=\"the7_shortcodes-inline-css\">#default-btn-bde7f40b0527dc7a645cc3d8b3c44941.ico-right-side > i {\n  margin-right: 0px;\n  margin-left: 8px;\n}\n#default-btn-bde7f40b0527dc7a645cc3d8b3c44941 > i {\n  margin-right: 8px;\n}<\/style><a href=\"https:\/\/macchiafaggeta.com\/?page_id=13\" class=\"default-btn-shortcode dt-btn dt-btn-m link-hover-off btn-inline-left  vc_custom_1709308194622\" id=\"default-btn-bde7f40b0527dc7a645cc3d8b3c44941\" title=\"Societ\u00e0\"><span>Scopri di pi\u00f9<\/span><\/a>[\/vc_column][vc_column width=&#8221;1\/2&#8243;]<style type=\"text\/css\" data-type=\"the7_shortcodes-inline-css\">.shortcode-single-image-wrap.shortcode-single-image-01149f9f4def07e43093b72dd3126c05.enable-bg-rollover .rollover i,\n.shortcode-single-image-wrap.shortcode-single-image-01149f9f4def07e43093b72dd3126c05.enable-bg-rollover .rollover-video i {\n  background: -webkit-linear-gradient();\n  background: linear-gradient();\n}\n.shortcode-single-image-wrap.shortcode-single-image-01149f9f4def07e43093b72dd3126c05 .rollover-icon {\n  font-size: 32px;\n  color: #ffffff;\n  min-width: 44px;\n  min-height: 44px;\n  line-height: 44px;\n  border-radius: 100px;\n  border-style: solid;\n  border-width: 0px;\n}\n.dt-icon-bg-on.shortcode-single-image-wrap.shortcode-single-image-01149f9f4def07e43093b72dd3126c05 .rollover-icon {\n  background: rgba(255,255,255,0.3);\n  box-shadow: none;\n}<\/style><div class=\"shortcode-single-image-wrap shortcode-single-image-01149f9f4def07e43093b72dd3126c05 alignnone  vc_custom_1708784945365 enable-bg-rollover dt-icon-bg-off\" ><div class=\"shortcode-single-image\"><div class=\"fancy-media-wrap  layzr-bg\" style=\"\"><img fetchpriority=\"high\" decoding=\"async\" class=\"preload-me lazy-load aspect\" src=\"data:image\/svg+xml,%3Csvg%20xmlns%3D&#39;http%3A%2F%2Fwww.w3.org%2F2000%2Fsvg&#39;%20viewBox%3D&#39;0%200%20800%20527&#39;%2F%3E\" data-src=\"https:\/\/macchiafaggeta.com\/wp-content\/uploads\/2024\/02\/macchiafaggeta.jpg\" data-srcset=\"https:\/\/macchiafaggeta.com\/wp-content\/uploads\/2024\/02\/macchiafaggeta.jpg 800w\" loading=\"eager\" sizes=\"(max-width: 800px) 100vw, 800px\" width=\"800\" height=\"527\"  data-dt-location=\"https:\/\/macchiafaggeta.com\/?attachment_id=899\" style=\"--ratio: 800 \/ 527;\" alt=\"\" \/><\/div><\/div><\/div>[\/vc_column][\/vc_row][vc_row full_width=&#8221;stretch_row&#8221;][vc_column width=&#8221;2\/3&#8243;][vc_column_text el_class=&#8221;blocco-titolo-home&#8221;]<\/p>\n<h2 style=\"text-align: left;\">Le ultime pubblicazioni<\/h2>\n<p>[\/vc_column_text][vc_basic_grid post_type=&#8221;post&#8221; max_items=&#8221;2&#8243; element_width=&#8221;6&#8243; item=&#8221;861&#8243; grid_id=&#8221;vc_gid:1712235978151-245262e7-4c91-10&#8243; taxonomies=&#8221;9&#8243; css=&#8221;.vc_custom_1708772388813{margin-bottom: 45px !important;}&#8221;][\/vc_column][vc_column width=&#8221;1\/3&#8243;][vc_column_text el_class=&#8221;blocco-titolo-home&#8221;]<\/p>\n<h2 style=\"text-align: center;\">I Sentieri<\/h2>\n<p>[\/vc_column_text][vc_column_text]<ul class=\"LISTNOTHUMB-lista-thumb\"><li><a href=\"https:\/\/macchiafaggeta.com\/?p=789\"><div class=\"LISTNOTHUMB-thumbnail\" style=\"background-image: url('https:\/\/macchiafaggeta.com\/wp-content\/uploads\/2024\/02\/Primo-Rifugio-Anello-lungo-e-corto-pista-da-fondo-150x150.jpg');\"><\/div><div class=\"LISTNOTHUMB-contenitore-titolo-linea\"><div class=\"LISTNOTHUMB-titolo-lista-thumb\">Sentiero Anello Corto<\/div><div class=\"LISTNOTHUMB-linea-colorata\" style=\"background-color: #f19ec9;\"><\/div><\/div><\/a><\/li><li><a href=\"https:\/\/macchiafaggeta.com\/?p=1089\"><div class=\"LISTNOTHUMB-thumbnail\" style=\"background-image: url('https:\/\/macchiafaggeta.com\/wp-content\/uploads\/2024\/02\/fossodirigale-150x150.jpg');\"><\/div><div class=\"LISTNOTHUMB-contenitore-titolo-linea\"><div class=\"LISTNOTHUMB-titolo-lista-thumb\">Sentiero Corno di Bellaria<\/div><div class=\"LISTNOTHUMB-linea-colorata\" style=\"background-color: #58ae9d;\"><\/div><\/div><\/a><\/li><li><a href=\"https:\/\/macchiafaggeta.com\/?p=793\"><div class=\"LISTNOTHUMB-thumbnail\" style=\"background-image: url('https:\/\/macchiafaggeta.com\/wp-content\/uploads\/2024\/02\/Primo-Rifugio-Anello-lungo-e-corto-pista-da-fondo-150x150.jpg');\"><\/div><div class=\"LISTNOTHUMB-contenitore-titolo-linea\"><div class=\"LISTNOTHUMB-titolo-lista-thumb\">Sentiero Anello Lungo<\/div><div class=\"LISTNOTHUMB-linea-colorata\" style=\"background-color: #f19e4c;\"><\/div><\/div><\/a><\/li><li><a href=\"https:\/\/macchiafaggeta.com\/?p=784\"><div class=\"LISTNOTHUMB-thumbnail\" style=\"background-image: url('https:\/\/macchiafaggeta.com\/wp-content\/uploads\/2024\/02\/Sentiero-Scalettaia-Pian-della-Piscina-150x150.jpg');\"><\/div><div class=\"LISTNOTHUMB-contenitore-titolo-linea\"><div class=\"LISTNOTHUMB-titolo-lista-thumb\">Sentiero la Scalettaia<\/div><div class=\"LISTNOTHUMB-linea-colorata\" style=\"background-color: #cdcc52;\"><\/div><\/div><\/a><\/li><li><a href=\"https:\/\/macchiafaggeta.com\/?p=815\"><div class=\"LISTNOTHUMB-thumbnail\" style=\"background-image: url('https:\/\/macchiafaggeta.com\/wp-content\/uploads\/2024\/02\/sassodemerchi-150x150.jpg');\"><\/div><div class=\"LISTNOTHUMB-contenitore-titolo-linea\"><div class=\"LISTNOTHUMB-titolo-lista-thumb\">Sentiero Sasso de&#8217; Merchi<\/div><div class=\"LISTNOTHUMB-linea-colorata\" style=\"background-color: #71b756;\"><\/div><\/div><\/a><\/li><\/ul>[\/vc_column_text]<style type=\"text\/css\" data-type=\"the7_shortcodes-inline-css\">#default-btn-723db7d38693b28b9b089904cb30aac1.ico-right-side > i {\n  margin-right: 0px;\n  margin-left: 8px;\n}\n#default-btn-723db7d38693b28b9b089904cb30aac1 > i {\n  margin-right: 8px;\n}<\/style><div class=\"btn-align-center\"><a href=\"https:\/\/macchiafaggeta.com\/?page_id=85\" class=\"default-btn-shortcode dt-btn dt-btn-s link-hover-off  vc_custom_1712235998858\" id=\"default-btn-723db7d38693b28b9b089904cb30aac1\" title=\"Sentieristica\"><span>Vedi tutti i sentieri<\/span><\/a><\/div>[\/vc_column][\/vc_row]<\/p>\n<\/div>","protected":false},"excerpt":{"rendered":"<p>[vc_row][vc_column][vc_column_text el_class=&#8221;blocco-titolo-home&#8221;] Ultime notizie dalla Societ\u00e0 [\/vc_column_text][\/vc_column][\/vc_row][vc_row][vc_column][vc_basic_grid post_type=&#8221;post&#8221; max_items=&#8221;3&#8243; item=&#8221;861&#8243; grid_id=&#8221;vc_gid:1712235978150-01f18182-83ba-7&#8243; taxonomies=&#8221;1&#8243; css=&#8221;.vc_custom_1708775263867{margin-bottom: 10px !important;}&#8221;][\/vc_column][\/vc_row][vc_row full_width=&#8221;stretch_row&#8221; equal_height=&#8221;yes&#8221; content_placement=&#8221;middle&#8221; css=&#8221;.vc_custom_1708784740843{padding-top: 40px !important;padding-bottom: 40px !important;background-color: #efefef !important;}&#8221;][vc_column width=&#8221;1\/2&#8243;][vc_column_text] Societ\u00e0 Macchia Faggeta dal 1800 La Macchia faggeta \u00e8 una Societ\u00e0 autonoma, avente per oggetto il godimento e lo sfruttamento del tenimento boschivo di propriet\u00e0 sociale denominato \u201cMacchia Faggeta\u201d&hellip;<\/p>\n","protected":false},"author":1,"featured_media":0,"parent":0,"menu_order":0,"comment_status":"closed","ping_status":"closed","template":"","meta":{"footnotes":""},"class_list":["post-859","page","type-page","status-publish","hentry","category-10","description-off"],"_links":{"self":[{"href":"https:\/\/macchiafaggeta.com\/index.php?rest_route=\/wp\/v2\/pages\/859","targetHints":{"allow":["GET"]}}],"collection":[{"href":"https:\/\/macchiafaggeta.com\/index.php?rest_route=\/wp\/v2\/pages"}],"about":[{"href":"https:\/\/macchiafaggeta.com\/index.php?rest_route=\/wp\/v2\/types\/page"}],"author":[{"embeddable":true,"href":"https:\/\/macchiafaggeta.com\/index.php?rest_route=\/wp\/v2\/users\/1"}],"replies":[{"embeddable":true,"href":"https:\/\/macchiafaggeta.com\/index.php?rest_route=%2Fwp%2Fv2%2Fcomments&post=859"}],"version-history":[{"count":35,"href":"https:\/\/macchiafaggeta.com\/index.php?rest_route=\/wp\/v2\/pages\/859\/revisions"}],"predecessor-version":[{"id":1105,"href":"https:\/\/macchiafaggeta.com\/index.php?rest_route=\/wp\/v2\/pages\/859\/revisions\/1105"}],"wp:attachment":[{"href":"https:\/\/macchiafaggeta.com\/index.php?rest_route=%2Fwp%2Fv2%2Fmedia&parent=859"}],"curies":[{"name":"wp","href":"https:\/\/api.w.org\/{rel}","templated":true}]}}